{"id":483,"date":"2021-07-28T10:00:55","date_gmt":"2021-07-28T08:00:55","guid":{"rendered":"http:\/\/www.jacobs.fi\/jacobs\/?page_id=483"},"modified":"2021-07-28T13:41:19","modified_gmt":"2021-07-28T11:41:19","slug":"jacobs-frappe","status":"publish","type":"page","link":"https:\/\/www.jacobs.fi\/jacobs\/reseptit\/jacobs-frappe\/","title":{"rendered":"Jacobs Frapp\u00e9"},"content":{"rendered":"\t\t<div data-elementor-type=\"wp-page\" data-elementor-id=\"483\" class=\"elementor elementor-483\">\n\t\t\t\t\t\t<section class=\"elementor-section elementor-top-section elementor-element elementor-element-57b1027 elementor-section-boxed elementor-section-height-default elementor-section-height-default\" data-id=\"57b1027\" data-element_type=\"section\" data-e-type=\"section\">\n\t\t\t\t\t\t<div class=\"elementor-container elementor-column-gap-default\">\n\t\t\t\t\t<div class=\"elementor-column elementor-col-100 elementor-top-column elementor-element elementor-element-6ef6a7a\" data-id=\"6ef6a7a\" data-element_type=\"column\" data-e-type=\"column\">\n\t\t\t<div class=\"elementor-widget-wrap elementor-element-populated\">\n\t\t\t\t\t\t<div class=\"elementor-element elementor-element-46f2d0f elementor-widget elementor-widget-image\" data-id=\"46f2d0f\" data-element_type=\"widget\" data-e-type=\"widget\" data-widget_type=\"image.default\">\n\t\t\t\t<div class=\"elementor-widget-container\">\n\t\t\t\t\t\t\t\t\t\t\t\t\t\t\t<img fetchpriority=\"high\" decoding=\"async\" width=\"632\" height=\"422\" src=\"https:\/\/www.jacobs.fi\/jacobs\/wp-content\/uploads\/2021\/07\/suklaafrappe.png\" class=\"attachment-large size-large wp-image-510\" alt=\"\" srcset=\"https:\/\/www.jacobs.fi\/jacobs\/wp-content\/uploads\/2021\/07\/suklaafrappe.png 1000w, https:\/\/www.jacobs.fi\/jacobs\/wp-content\/uploads\/2021\/07\/suklaafrappe-632x422.png 632w, https:\/\/www.jacobs.fi\/jacobs\/wp-content\/uploads\/2021\/07\/suklaafrappe-768x512.png 768w\" sizes=\"(max-width: 632px) 100vw, 632px\" \/>\t\t\t\t\t\t\t\t\t\t\t\t\t\t\t<\/div>\n\t\t\t\t<\/div>\n\t\t\t\t\t<\/div>\n\t\t<\/div>\n\t\t\t\t\t<\/div>\n\t\t<\/section>\n\t\t\t\t<section class=\"elementor-section elementor-top-section elementor-element elementor-element-85b6d95 elementor-section-boxed elementor-section-height-default elementor-section-height-default\" data-id=\"85b6d95\" data-element_type=\"section\" data-e-type=\"section\">\n\t\t\t\t\t\t<div class=\"elementor-container elementor-column-gap-default\">\n\t\t\t\t\t<div class=\"elementor-column elementor-col-100 elementor-top-column elementor-element elementor-element-6c9e695\" data-id=\"6c9e695\" data-element_type=\"column\" data-e-type=\"column\">\n\t\t\t<div class=\"elementor-widget-wrap elementor-element-populated\">\n\t\t\t\t\t\t<div class=\"elementor-element elementor-element-f89e902 elementor-widget elementor-widget-text-editor\" data-id=\"f89e902\" data-element_type=\"widget\" data-e-type=\"widget\" data-widget_type=\"text-editor.default\">\n\t\t\t\t<div class=\"elementor-widget-container\">\n\t\t\t\t\t\t\t\t\t<p>Kylm\u00e4 ja makea kahvijuoma valmistuu nopeasti pikakahvista tehosekoittimella.<\/p>\t\t\t\t\t\t\t\t<\/div>\n\t\t\t\t<\/div>\n\t\t\t\t\t<\/div>\n\t\t<\/div>\n\t\t\t\t\t<\/div>\n\t\t<\/section>\n\t\t\t\t<section class=\"elementor-section elementor-top-section elementor-element elementor-element-78b2224 elementor-section-boxed elementor-section-height-default elementor-section-height-default\" data-id=\"78b2224\" data-element_type=\"section\" data-e-type=\"section\">\n\t\t\t\t\t\t<div class=\"elementor-container elementor-column-gap-default\">\n\t\t\t\t\t<div class=\"elementor-column elementor-col-100 elementor-top-column elementor-element elementor-element-266fc53\" data-id=\"266fc53\" data-element_type=\"column\" data-e-type=\"column\">\n\t\t\t<div class=\"elementor-widget-wrap elementor-element-populated\">\n\t\t\t\t\t\t<div class=\"elementor-element elementor-element-63379cb elementor-widget elementor-widget-text-editor\" data-id=\"63379cb\" data-element_type=\"widget\" data-e-type=\"widget\" data-widget_type=\"text-editor.default\">\n\t\t\t\t<div class=\"elementor-widget-container\">\n\t\t\t\t\t\t\t\t\t<h3><strong>N\u00c4IN VALMISTAT<\/strong><\/h3>\t\t\t\t\t\t\t\t<\/div>\n\t\t\t\t<\/div>\n\t\t\t\t\t<\/div>\n\t\t<\/div>\n\t\t\t\t\t<\/div>\n\t\t<\/section>\n\t\t\t\t<section class=\"elementor-section elementor-top-section elementor-element elementor-element-7194343 elementor-section-boxed elementor-section-height-default elementor-section-height-default\" data-id=\"7194343\" data-element_type=\"section\" data-e-type=\"section\">\n\t\t\t\t\t\t<div class=\"elementor-container elementor-column-gap-default\">\n\t\t\t\t\t<div class=\"elementor-column elementor-col-50 elementor-top-column elementor-element elementor-element-59deb99\" data-id=\"59deb99\" data-element_type=\"column\" data-e-type=\"column\">\n\t\t\t<div class=\"elementor-widget-wrap elementor-element-populated\">\n\t\t\t\t\t\t<div class=\"elementor-element elementor-element-ed4a0af elementor-widget elementor-widget-text-editor\" data-id=\"ed4a0af\" data-element_type=\"widget\" data-e-type=\"widget\" data-widget_type=\"text-editor.default\">\n\t\t\t\t<div class=\"elementor-widget-container\">\n\t\t\t\t\t\t\t\t\t<p><strong>Tarvitset n\u00e4m\u00e4:<\/strong><\/p>\t\t\t\t\t\t\t\t<\/div>\n\t\t\t\t<\/div>\n\t\t\t\t<div class=\"elementor-element elementor-element-6b36bb7 elementor-widget elementor-widget-text-editor\" data-id=\"6b36bb7\" data-element_type=\"widget\" data-e-type=\"widget\" data-widget_type=\"text-editor.default\">\n\t\t\t\t<div class=\"elementor-widget-container\">\n\t\t\t\t\t\t\t\t\t<ul><li>Tehosekoitin<\/li><li>1,5 rkl Jacobs Kr\u00f6nung -pikakahvia<\/li><li>2 dl maitoa<\/li><li>1 rkl sokeria<\/li><li>12 j\u00e4\u00e4palaa<\/li><li>kermavaahtoa<\/li><\/ul>\t\t\t\t\t\t\t\t<\/div>\n\t\t\t\t<\/div>\n\t\t\t\t\t<\/div>\n\t\t<\/div>\n\t\t\t\t<div class=\"elementor-column elementor-col-50 elementor-top-column elementor-element elementor-element-ccab8bc\" data-id=\"ccab8bc\" data-element_type=\"column\" data-e-type=\"column\">\n\t\t\t<div class=\"elementor-widget-wrap elementor-element-populated\">\n\t\t\t\t\t\t<div class=\"elementor-element elementor-element-2636372 elementor-widget elementor-widget-text-editor\" data-id=\"2636372\" data-element_type=\"widget\" data-e-type=\"widget\" data-widget_type=\"text-editor.default\">\n\t\t\t\t<div class=\"elementor-widget-container\">\n\t\t\t\t\t\t\t\t\t<p><strong>Tee n\u00e4in:<\/strong><\/p>\t\t\t\t\t\t\t\t<\/div>\n\t\t\t\t<\/div>\n\t\t\t\t<div class=\"elementor-element elementor-element-17aa514 elementor-widget elementor-widget-text-editor\" data-id=\"17aa514\" data-element_type=\"widget\" data-e-type=\"widget\" data-widget_type=\"text-editor.default\">\n\t\t\t\t<div class=\"elementor-widget-container\">\n\t\t\t\t\t\t\t\t\t<ol><li>Mittaa pikakahvi, maito ja sokeri tehosekoittimeen. Vaahdota seos.<\/li><li>Kun seos on pehme\u00e4n vaahtomaista, lis\u00e4\u00e4 tehosekoittimeen j\u00e4\u00e4palat. K\u00e4yt\u00e4 tehosekoitinta sen verran, ett\u00e4 j\u00e4\u00e4t murskaantuvat hieman.<\/li><li>Kaada juoma laseihin. Koristele kermavaahdolla ja makusi mukaan esimerkiksi kaakaojauheella tai suklaakastikkeella. Tarjoile heti.<\/li><\/ol>\t\t\t\t\t\t\t\t<\/div>\n\t\t\t\t<\/div>\n\t\t\t\t\t<\/div>\n\t\t<\/div>\n\t\t\t\t\t<\/div>\n\t\t<\/section>\n\t\t\t\t<section class=\"elementor-section elementor-top-section elementor-element elementor-element-c68daa1 elementor-section-boxed elementor-section-height-default elementor-section-height-default\" data-id=\"c68daa1\" data-element_type=\"section\" data-e-type=\"section\">\n\t\t\t\t\t\t<div class=\"elementor-container elementor-column-gap-default\">\n\t\t\t\t\t<div class=\"elementor-column elementor-col-100 elementor-top-column elementor-element elementor-element-94162ae\" data-id=\"94162ae\" data-element_type=\"column\" data-e-type=\"column\">\n\t\t\t<div class=\"elementor-widget-wrap elementor-element-populated\">\n\t\t\t\t\t\t<div class=\"elementor-element elementor-element-c1ee479 elementor-align-center elementor-widget elementor-widget-button\" data-id=\"c1ee479\" data-element_type=\"widget\" data-e-type=\"widget\" data-widget_type=\"button.default\">\n\t\t\t\t<div class=\"elementor-widget-container\">\n\t\t\t\t\t\t\t\t\t<div class=\"elementor-button-wrapper\">\n\t\t\t\t\t<a class=\"elementor-button elementor-button-link elementor-size-xs\" href=\"https:\/\/www.jacobs.fi\/jacobs\/reseptit\/\">\n\t\t\t\t\t\t<span class=\"elementor-button-content-wrapper\">\n\t\t\t\t\t\t\t\t\t<span class=\"elementor-button-text\">Palaa resepteihin t\u00e4st\u00e4<\/span>\n\t\t\t\t\t<\/span>\n\t\t\t\t\t<\/a>\n\t\t\t\t<\/div>\n\t\t\t\t\t\t\t\t<\/div>\n\t\t\t\t<\/div>\n\t\t\t\t\t<\/div>\n\t\t<\/div>\n\t\t\t\t\t<\/div>\n\t\t<\/section>\n\t\t\t\t<section class=\"elementor-section elementor-top-section elementor-element elementor-element-de34e96 elementor-section-boxed elementor-section-height-default elementor-section-height-default\" data-id=\"de34e96\" data-element_type=\"section\" data-e-type=\"section\">\n\t\t\t\t\t\t<div class=\"elementor-container elementor-column-gap-default\">\n\t\t\t\t\t<div class=\"elementor-column elementor-col-100 elementor-top-column elementor-element elementor-element-0d0bc3f\" data-id=\"0d0bc3f\" data-element_type=\"column\" data-e-type=\"column\">\n\t\t\t<div class=\"elementor-widget-wrap\">\n\t\t\t\t\t\t\t<\/div>\n\t\t<\/div>\n\t\t\t\t\t<\/div>\n\t\t<\/section>\n\t\t\t\t<\/div>\n\t\t","protected":false},"excerpt":{"rendered":"<div class=\"entry-summary\">\nKylm\u00e4 ja makea kahvijuoma valmistuu nopeasti pikakahvista tehosekoittimella. N\u00c4IN VALMISTAT Tarvitset n\u00e4m\u00e4:&hellip;\n<\/div>\n<div class=\"link-more\"><a href=\"https:\/\/www.jacobs.fi\/jacobs\/reseptit\/jacobs-frappe\/\" class=\"more-link\">Continue reading<span class=\"screen-reader-text\"> &ldquo;Jacobs Frapp\u00e9&rdquo;<\/span>&hellip;<\/a><\/div>\n","protected":false},"author":1,"featured_media":0,"parent":457,"menu_order":2,"comment_status":"closed","ping_status":"closed","template":"","meta":{"footnotes":""},"class_list":["post-483","page","type-page","status-publish","hentry","entry"],"_links":{"self":[{"href":"https:\/\/www.jacobs.fi\/jacobs\/wp-json\/wp\/v2\/pages\/483","targetHints":{"allow":["GET"]}}],"collection":[{"href":"https:\/\/www.jacobs.fi\/jacobs\/wp-json\/wp\/v2\/pages"}],"about":[{"href":"https:\/\/www.jacobs.fi\/jacobs\/wp-json\/wp\/v2\/types\/page"}],"author":[{"embeddable":true,"href":"https:\/\/www.jacobs.fi\/jacobs\/wp-json\/wp\/v2\/users\/1"}],"replies":[{"embeddable":true,"href":"https:\/\/www.jacobs.fi\/jacobs\/wp-json\/wp\/v2\/comments?post=483"}],"version-history":[{"count":7,"href":"https:\/\/www.jacobs.fi\/jacobs\/wp-json\/wp\/v2\/pages\/483\/revisions"}],"predecessor-version":[{"id":513,"href":"https:\/\/www.jacobs.fi\/jacobs\/wp-json\/wp\/v2\/pages\/483\/revisions\/513"}],"up":[{"embeddable":true,"href":"https:\/\/www.jacobs.fi\/jacobs\/wp-json\/wp\/v2\/pages\/457"}],"wp:attachment":[{"href":"https:\/\/www.jacobs.fi\/jacobs\/wp-json\/wp\/v2\/media?parent=483"}],"curies":[{"name":"wp","href":"https:\/\/api.w.org\/{rel}","templated":true}]}}