{"id":472,"date":"2021-07-28T09:19:31","date_gmt":"2021-07-28T07:19:31","guid":{"rendered":"http:\/\/www.jacobs.fi\/jacobs\/?page_id=472"},"modified":"2021-07-28T11:33:10","modified_gmt":"2021-07-28T09:33:10","slug":"jacobs-cold-brew","status":"publish","type":"page","link":"https:\/\/www.jacobs.fi\/jacobs\/reseptit\/jacobs-cold-brew\/","title":{"rendered":"Jacobs Cold Brew"},"content":{"rendered":"\t\t<div data-elementor-type=\"wp-page\" data-elementor-id=\"472\" class=\"elementor elementor-472\">\n\t\t\t\t\t\t<section class=\"elementor-section elementor-top-section elementor-element elementor-element-e2fca0e elementor-section-boxed elementor-section-height-default elementor-section-height-default\" data-id=\"e2fca0e\" data-element_type=\"section\" data-e-type=\"section\">\n\t\t\t\t\t\t<div class=\"elementor-container elementor-column-gap-default\">\n\t\t\t\t\t<div class=\"elementor-column elementor-col-100 elementor-top-column elementor-element elementor-element-c5eca04\" data-id=\"c5eca04\" data-element_type=\"column\" data-e-type=\"column\">\n\t\t\t<div class=\"elementor-widget-wrap elementor-element-populated\">\n\t\t\t\t\t\t<div class=\"elementor-element elementor-element-5c9f3af elementor-widget elementor-widget-image\" data-id=\"5c9f3af\" data-element_type=\"widget\" data-e-type=\"widget\" data-widget_type=\"image.default\">\n\t\t\t\t<div class=\"elementor-widget-container\">\n\t\t\t\t\t\t\t\t\t\t\t\t\t\t\t<img fetchpriority=\"high\" decoding=\"async\" width=\"632\" height=\"422\" src=\"https:\/\/www.jacobs.fi\/jacobs\/wp-content\/uploads\/2021\/07\/coldbrew.png\" class=\"attachment-large size-large wp-image-503\" alt=\"\" srcset=\"https:\/\/www.jacobs.fi\/jacobs\/wp-content\/uploads\/2021\/07\/coldbrew.png 1000w, https:\/\/www.jacobs.fi\/jacobs\/wp-content\/uploads\/2021\/07\/coldbrew-632x422.png 632w, https:\/\/www.jacobs.fi\/jacobs\/wp-content\/uploads\/2021\/07\/coldbrew-768x512.png 768w\" sizes=\"(max-width: 632px) 100vw, 632px\" \/>\t\t\t\t\t\t\t\t\t\t\t\t\t\t\t<\/div>\n\t\t\t\t<\/div>\n\t\t\t\t\t<\/div>\n\t\t<\/div>\n\t\t\t\t\t<\/div>\n\t\t<\/section>\n\t\t\t\t<section class=\"elementor-section elementor-top-section elementor-element elementor-element-91dd440 elementor-section-boxed elementor-section-height-default elementor-section-height-default\" data-id=\"91dd440\" data-element_type=\"section\" data-e-type=\"section\">\n\t\t\t\t\t\t<div class=\"elementor-container elementor-column-gap-default\">\n\t\t\t\t\t<div class=\"elementor-column elementor-col-100 elementor-top-column elementor-element elementor-element-3c8861d\" data-id=\"3c8861d\" data-element_type=\"column\" data-e-type=\"column\">\n\t\t\t<div class=\"elementor-widget-wrap elementor-element-populated\">\n\t\t\t\t\t\t<div class=\"elementor-element elementor-element-d1b62ef elementor-widget elementor-widget-text-editor\" data-id=\"d1b62ef\" data-element_type=\"widget\" data-e-type=\"widget\" data-widget_type=\"text-editor.default\">\n\t\t\t\t<div class=\"elementor-widget-container\">\n\t\t\t\t\t\t\t\t\t<p><strong>Cold Brew, eli kylm\u00e4uutettu kahvi, on rantautunut Yhdysvalloista Suomeen viime vuosina ja noussut nopeasti suosituksi kes\u00e4iseksi juomaksi.<\/strong><\/p><p>Cold Brew valmistetaan uuttamalla kahvia kylm\u00e4ss\u00e4 vedess\u00e4 v\u00e4hint\u00e4\u00e4n kahdeksan tunnin ajan. T\u00e4st\u00e4 kahvijuomalle kehittyy makea, matalahappoinen ja pehme\u00e4n aromikas maku.<\/p><p>Kahviloissa tilattavat j\u00e4\u00e4kahvit valmistetaan yleens\u00e4 kuumaan kahviin ja viilennet\u00e4\u00e4n j\u00e4ill\u00e4 ja maidolla. Cold Brew voidaan nauttia sellaisenaan mustana tai sen voi tarjoilla maidolla ja\/tai makusiirapeilla maustettuna oman maun mukaan.<\/p>\t\t\t\t\t\t\t\t<\/div>\n\t\t\t\t<\/div>\n\t\t\t\t\t<\/div>\n\t\t<\/div>\n\t\t\t\t\t<\/div>\n\t\t<\/section>\n\t\t\t\t<section class=\"elementor-section elementor-top-section elementor-element elementor-element-fb43604 elementor-section-boxed elementor-section-height-default elementor-section-height-default\" data-id=\"fb43604\" data-element_type=\"section\" data-e-type=\"section\">\n\t\t\t\t\t\t<div class=\"elementor-container elementor-column-gap-default\">\n\t\t\t\t\t<div class=\"elementor-column elementor-col-100 elementor-top-column elementor-element elementor-element-8e08bbe\" data-id=\"8e08bbe\" data-element_type=\"column\" data-e-type=\"column\">\n\t\t\t<div class=\"elementor-widget-wrap elementor-element-populated\">\n\t\t\t\t\t\t<div class=\"elementor-element elementor-element-4433ec6 elementor-widget elementor-widget-text-editor\" data-id=\"4433ec6\" data-element_type=\"widget\" data-e-type=\"widget\" data-widget_type=\"text-editor.default\">\n\t\t\t\t<div class=\"elementor-widget-container\">\n\t\t\t\t\t\t\t\t\t<h3><strong>N\u00c4IN VALMISTAT<\/strong><\/h3>\t\t\t\t\t\t\t\t<\/div>\n\t\t\t\t<\/div>\n\t\t\t\t\t<\/div>\n\t\t<\/div>\n\t\t\t\t\t<\/div>\n\t\t<\/section>\n\t\t\t\t<section class=\"elementor-section elementor-top-section elementor-element elementor-element-74ad3b7 elementor-section-boxed elementor-section-height-default elementor-section-height-default\" data-id=\"74ad3b7\" data-element_type=\"section\" data-e-type=\"section\">\n\t\t\t\t\t\t<div class=\"elementor-container elementor-column-gap-default\">\n\t\t\t\t\t<div class=\"elementor-column elementor-col-50 elementor-top-column elementor-element elementor-element-ccd3bff\" data-id=\"ccd3bff\" data-element_type=\"column\" data-e-type=\"column\">\n\t\t\t<div class=\"elementor-widget-wrap elementor-element-populated\">\n\t\t\t\t\t\t<div class=\"elementor-element elementor-element-0ea71cb elementor-widget elementor-widget-text-editor\" data-id=\"0ea71cb\" data-element_type=\"widget\" data-e-type=\"widget\" data-widget_type=\"text-editor.default\">\n\t\t\t\t<div class=\"elementor-widget-container\">\n\t\t\t\t\t\t\t\t\t<p><strong>Tarvitset n\u00e4m\u00e4:<\/strong><\/p>\t\t\t\t\t\t\t\t<\/div>\n\t\t\t\t<\/div>\n\t\t\t\t<div class=\"elementor-element elementor-element-eeecc65 elementor-widget elementor-widget-text-editor\" data-id=\"eeecc65\" data-element_type=\"widget\" data-e-type=\"widget\" data-widget_type=\"text-editor.default\">\n\t\t\t\t<div class=\"elementor-widget-container\">\n\t\t\t\t\t\t\t\t\t<ul><li>Pressopannu<\/li><li>110-120 g* Jacobs Kr\u00f6nung Classic -suodatinkahvia<\/li><li>1 l raikasta vett\u00e4<\/li><\/ul>\t\t\t\t\t\t\t\t<\/div>\n\t\t\t\t<\/div>\n\t\t\t\t<div class=\"elementor-element elementor-element-a1b2e32 elementor-widget elementor-widget-text-editor\" data-id=\"a1b2e32\" data-element_type=\"widget\" data-e-type=\"widget\" data-widget_type=\"text-editor.default\">\n\t\t\t\t<div class=\"elementor-widget-container\">\n\t\t\t\t\t\t\t\t\t<p><em>*vinkki: mik\u00e4li k\u00e4yt\u00f6ss\u00e4si ei ole keitti\u00f6vaakaa kahvin punnitsemiseen, yksi kahvimitallinen vastaa 7 g kahvia.<\/em><\/p>\t\t\t\t\t\t\t\t<\/div>\n\t\t\t\t<\/div>\n\t\t\t\t\t<\/div>\n\t\t<\/div>\n\t\t\t\t<div class=\"elementor-column elementor-col-50 elementor-top-column elementor-element elementor-element-9bd3344\" data-id=\"9bd3344\" data-element_type=\"column\" data-e-type=\"column\">\n\t\t\t<div class=\"elementor-widget-wrap elementor-element-populated\">\n\t\t\t\t\t\t<div class=\"elementor-element elementor-element-fb4102d elementor-widget elementor-widget-text-editor\" data-id=\"fb4102d\" data-element_type=\"widget\" data-e-type=\"widget\" data-widget_type=\"text-editor.default\">\n\t\t\t\t<div class=\"elementor-widget-container\">\n\t\t\t\t\t\t\t\t\t<p><strong>Tee n\u00e4in:<\/strong><\/p>\t\t\t\t\t\t\t\t<\/div>\n\t\t\t\t<\/div>\n\t\t\t\t<div class=\"elementor-element elementor-element-9210c4e elementor-widget elementor-widget-text-editor\" data-id=\"9210c4e\" data-element_type=\"widget\" data-e-type=\"widget\" data-widget_type=\"text-editor.default\">\n\t\t\t\t<div class=\"elementor-widget-container\">\n\t\t\t\t\t\t\t\t\t<ol><li>Mittaa kahvi pressopannuun.<\/li><li>Lis\u00e4\u00e4 vesi ja sekoita.<\/li><li>Aseta pressopannun kansi ja m\u00e4nt\u00e4 paikalleen. Paina m\u00e4nt\u00e4\u00e4 hieman alas.<\/li><li>Laita kahvi hautumaan j\u00e4\u00e4kaappiin v\u00e4hint\u00e4\u00e4n 8 tunniksi.<\/li><li>Paina pressopannun m\u00e4nt\u00e4 alas, jotta kahvipurut painuvat pohjaan ja pinnalle j\u00e4\u00e4 puhdasta kahvijuomaa.<\/li><li>Lis\u00e4\u00e4 lasiin j\u00e4it\u00e4 ja tarjoile kahvi oman makusi mukaan.<\/li><\/ol>\t\t\t\t\t\t\t\t<\/div>\n\t\t\t\t<\/div>\n\t\t\t\t\t<\/div>\n\t\t<\/div>\n\t\t\t\t\t<\/div>\n\t\t<\/section>\n\t\t\t\t<section class=\"elementor-section elementor-top-section elementor-element elementor-element-284641a elementor-section-boxed elementor-section-height-default elementor-section-height-default\" data-id=\"284641a\" data-element_type=\"section\" data-e-type=\"section\">\n\t\t\t\t\t\t<div class=\"elementor-container elementor-column-gap-default\">\n\t\t\t\t\t<div class=\"elementor-column elementor-col-100 elementor-top-column elementor-element elementor-element-a6d1c1c\" data-id=\"a6d1c1c\" data-element_type=\"column\" data-e-type=\"column\">\n\t\t\t<div class=\"elementor-widget-wrap elementor-element-populated\">\n\t\t\t\t\t\t<div class=\"elementor-element elementor-element-eac6d8c elementor-align-center elementor-widget elementor-widget-button\" data-id=\"eac6d8c\" data-element_type=\"widget\" data-e-type=\"widget\" data-widget_type=\"button.default\">\n\t\t\t\t<div class=\"elementor-widget-container\">\n\t\t\t\t\t\t\t\t\t<div class=\"elementor-button-wrapper\">\n\t\t\t\t\t<a class=\"elementor-button elementor-button-link elementor-size-xs\" href=\"https:\/\/www.jacobs.fi\/jacobs\/reseptit\/\">\n\t\t\t\t\t\t<span class=\"elementor-button-content-wrapper\">\n\t\t\t\t\t\t\t\t\t<span class=\"elementor-button-text\">Palaa resepteihin t\u00e4st\u00e4<\/span>\n\t\t\t\t\t<\/span>\n\t\t\t\t\t<\/a>\n\t\t\t\t<\/div>\n\t\t\t\t\t\t\t\t<\/div>\n\t\t\t\t<\/div>\n\t\t\t\t\t<\/div>\n\t\t<\/div>\n\t\t\t\t\t<\/div>\n\t\t<\/section>\n\t\t\t\t<section class=\"elementor-section elementor-top-section elementor-element elementor-element-9e69cb9 elementor-section-boxed elementor-section-height-default elementor-section-height-default\" data-id=\"9e69cb9\" data-element_type=\"section\" data-e-type=\"section\">\n\t\t\t\t\t\t<div class=\"elementor-container elementor-column-gap-default\">\n\t\t\t\t\t<div class=\"elementor-column elementor-col-100 elementor-top-column elementor-element elementor-element-acab196\" data-id=\"acab196\" data-element_type=\"column\" data-e-type=\"column\">\n\t\t\t<div class=\"elementor-widget-wrap\">\n\t\t\t\t\t\t\t<\/div>\n\t\t<\/div>\n\t\t\t\t\t<\/div>\n\t\t<\/section>\n\t\t\t\t<\/div>\n\t\t","protected":false},"excerpt":{"rendered":"<div class=\"entry-summary\">\nCold Brew, eli kylm\u00e4uutettu kahvi, on rantautunut Yhdysvalloista Suomeen viime vuosina ja&hellip;\n<\/div>\n<div class=\"link-more\"><a href=\"https:\/\/www.jacobs.fi\/jacobs\/reseptit\/jacobs-cold-brew\/\" class=\"more-link\">Continue reading<span class=\"screen-reader-text\"> &ldquo;Jacobs Cold Brew&rdquo;<\/span>&hellip;<\/a><\/div>\n","protected":false},"author":1,"featured_media":0,"parent":457,"menu_order":1,"comment_status":"closed","ping_status":"closed","template":"","meta":{"footnotes":""},"class_list":["post-472","page","type-page","status-publish","hentry","entry"],"_links":{"self":[{"href":"https:\/\/www.jacobs.fi\/jacobs\/wp-json\/wp\/v2\/pages\/472","targetHints":{"allow":["GET"]}}],"collection":[{"href":"https:\/\/www.jacobs.fi\/jacobs\/wp-json\/wp\/v2\/pages"}],"about":[{"href":"https:\/\/www.jacobs.fi\/jacobs\/wp-json\/wp\/v2\/types\/page"}],"author":[{"embeddable":true,"href":"https:\/\/www.jacobs.fi\/jacobs\/wp-json\/wp\/v2\/users\/1"}],"replies":[{"embeddable":true,"href":"https:\/\/www.jacobs.fi\/jacobs\/wp-json\/wp\/v2\/comments?post=472"}],"version-history":[{"count":13,"href":"https:\/\/www.jacobs.fi\/jacobs\/wp-json\/wp\/v2\/pages\/472\/revisions"}],"predecessor-version":[{"id":509,"href":"https:\/\/www.jacobs.fi\/jacobs\/wp-json\/wp\/v2\/pages\/472\/revisions\/509"}],"up":[{"embeddable":true,"href":"https:\/\/www.jacobs.fi\/jacobs\/wp-json\/wp\/v2\/pages\/457"}],"wp:attachment":[{"href":"https:\/\/www.jacobs.fi\/jacobs\/wp-json\/wp\/v2\/media?parent=472"}],"curies":[{"name":"wp","href":"https:\/\/api.w.org\/{rel}","templated":true}]}}