{"id":457,"date":"2021-07-26T12:27:30","date_gmt":"2021-07-26T10:27:30","guid":{"rendered":"http:\/\/www.jacobs.fi\/jacobs\/?page_id=457"},"modified":"2024-10-23T09:40:30","modified_gmt":"2024-10-23T07:40:30","slug":"reseptit","status":"publish","type":"page","link":"https:\/\/www.jacobs.fi\/jacobs\/reseptit\/","title":{"rendered":"Reseptit"},"content":{"rendered":"\t\t<div data-elementor-type=\"wp-page\" data-elementor-id=\"457\" class=\"elementor elementor-457\">\n\t\t\t\t\t\t<section class=\"elementor-section elementor-top-section elementor-element elementor-element-980944a elementor-section-boxed elementor-section-height-default elementor-section-height-default\" data-id=\"980944a\" data-element_type=\"section\" data-e-type=\"section\">\n\t\t\t\t\t\t<div class=\"elementor-container elementor-column-gap-default\">\n\t\t\t\t\t<div class=\"elementor-column elementor-col-100 elementor-top-column elementor-element elementor-element-e299d58\" data-id=\"e299d58\" data-element_type=\"column\" data-e-type=\"column\">\n\t\t\t<div class=\"elementor-widget-wrap elementor-element-populated\">\n\t\t\t\t\t\t<div class=\"elementor-element elementor-element-7616d41 elementor-widget elementor-widget-text-editor\" data-id=\"7616d41\" data-element_type=\"widget\" data-e-type=\"widget\" data-widget_type=\"text-editor.default\">\n\t\t\t\t<div class=\"elementor-widget-container\">\n\t\t\t\t\t\t\t\t\t<p>Jacobs tarjoaa my\u00f6s t\u00e4ydellisen aromikkaan ja voimakkaan pohjan useisiin erilaisiin juoma- ja leivonnaisresepteihin. Voit hy\u00f6dynt\u00e4\u00e4 keskipaahtoista Kr\u00f6nung-suodatinkahviamme tai helppoa ja k\u00e4tev\u00e4\u00e4 pikakahviamme.<\/p><p>Poimi alta suosikkisi testiin &#8211; tai sovella rohkeasti itse!<\/p>\t\t\t\t\t\t\t\t<\/div>\n\t\t\t\t<\/div>\n\t\t\t\t\t<\/div>\n\t\t<\/div>\n\t\t\t\t\t<\/div>\n\t\t<\/section>\n\t\t\t\t<section class=\"elementor-section elementor-top-section elementor-element elementor-element-3edd2cc elementor-section-boxed elementor-section-height-default elementor-section-height-default\" data-id=\"3edd2cc\" data-element_type=\"section\" data-e-type=\"section\">\n\t\t\t\t\t\t<div class=\"elementor-container elementor-column-gap-default\">\n\t\t\t\t\t<div class=\"elementor-column elementor-col-50 elementor-top-column elementor-element elementor-element-813614a\" data-id=\"813614a\" data-element_type=\"column\" data-e-type=\"column\">\n\t\t\t<div class=\"elementor-widget-wrap elementor-element-populated\">\n\t\t\t\t\t\t<div class=\"elementor-element elementor-element-8887c68 elementor-widget elementor-widget-text-editor\" data-id=\"8887c68\" data-element_type=\"widget\" data-e-type=\"widget\" data-widget_type=\"text-editor.default\">\n\t\t\t\t<div class=\"elementor-widget-container\">\n\t\t\t\t\t\t\t\t\t<h4><strong>Jacobs Cold Brew<\/strong><\/h4>\t\t\t\t\t\t\t\t<\/div>\n\t\t\t\t<\/div>\n\t\t\t\t<div class=\"elementor-element elementor-element-8558f95 elementor-widget elementor-widget-text-editor\" data-id=\"8558f95\" data-element_type=\"widget\" data-e-type=\"widget\" data-widget_type=\"text-editor.default\">\n\t\t\t\t<div class=\"elementor-widget-container\">\n\t\t\t\t\t\t\t\t\t<p>Kes\u00e4n hittijuoma valmistuu tavallisesta Jacobs Kr\u00f6nung -suodatinkahvista hitaasti hauduttamalla.<br \/><br \/>Valmistusaika yli 8 tuntia.<\/p>\t\t\t\t\t\t\t\t<\/div>\n\t\t\t\t<\/div>\n\t\t\t\t<div class=\"elementor-element elementor-element-81e945d elementor-align-center elementor-widget elementor-widget-button\" data-id=\"81e945d\" data-element_type=\"widget\" data-e-type=\"widget\" data-widget_type=\"button.default\">\n\t\t\t\t<div class=\"elementor-widget-container\">\n\t\t\t\t\t\t\t\t\t<div class=\"elementor-button-wrapper\">\n\t\t\t\t\t<a class=\"elementor-button elementor-button-link elementor-size-xs\" href=\"https:\/\/www.jacobs.fi\/jacobs\/reseptit\/jacobs-cold-brew\/\">\n\t\t\t\t\t\t<span class=\"elementor-button-content-wrapper\">\n\t\t\t\t\t\t\t\t\t<span class=\"elementor-button-text\">Katso resepti<\/span>\n\t\t\t\t\t<\/span>\n\t\t\t\t\t<\/a>\n\t\t\t\t<\/div>\n\t\t\t\t\t\t\t\t<\/div>\n\t\t\t\t<\/div>\n\t\t\t\t<div class=\"elementor-element elementor-element-1b1fd9a elementor-widget elementor-widget-image\" data-id=\"1b1fd9a\" data-element_type=\"widget\" data-e-type=\"widget\" data-widget_type=\"image.default\">\n\t\t\t\t<div class=\"elementor-widget-container\">\n\t\t\t\t\t\t\t\t\t\t\t\t\t\t\t\t<a href=\"https:\/\/www.jacobs.fi\/jacobs\/reseptit\/jacobs-cold-brew\/\">\n\t\t\t\t\t\t\t<img fetchpriority=\"high\" decoding=\"async\" width=\"632\" height=\"422\" src=\"https:\/\/www.jacobs.fi\/jacobs\/wp-content\/uploads\/2021\/07\/coldbrew.png\" class=\"attachment-large size-large wp-image-503\" alt=\"\" srcset=\"https:\/\/www.jacobs.fi\/jacobs\/wp-content\/uploads\/2021\/07\/coldbrew.png 1000w, https:\/\/www.jacobs.fi\/jacobs\/wp-content\/uploads\/2021\/07\/coldbrew-632x422.png 632w, https:\/\/www.jacobs.fi\/jacobs\/wp-content\/uploads\/2021\/07\/coldbrew-768x512.png 768w\" sizes=\"(max-width: 632px) 100vw, 632px\" \/>\t\t\t\t\t\t\t\t<\/a>\n\t\t\t\t\t\t\t\t\t\t\t\t\t\t\t<\/div>\n\t\t\t\t<\/div>\n\t\t\t\t\t<\/div>\n\t\t<\/div>\n\t\t\t\t<div class=\"elementor-column elementor-col-50 elementor-top-column elementor-element elementor-element-4a5045e\" data-id=\"4a5045e\" data-element_type=\"column\" data-e-type=\"column\">\n\t\t\t<div class=\"elementor-widget-wrap elementor-element-populated\">\n\t\t\t\t\t\t<div class=\"elementor-element elementor-element-5bee069 elementor-widget elementor-widget-text-editor\" data-id=\"5bee069\" data-element_type=\"widget\" data-e-type=\"widget\" data-widget_type=\"text-editor.default\">\n\t\t\t\t<div class=\"elementor-widget-container\">\n\t\t\t\t\t\t\t\t\t<h4><strong>Jacobs Frapp\u00e9\u00a0<\/strong><\/h4>\t\t\t\t\t\t\t\t<\/div>\n\t\t\t\t<\/div>\n\t\t\t\t<div class=\"elementor-element elementor-element-7fb45f4 elementor-widget elementor-widget-text-editor\" data-id=\"7fb45f4\" data-element_type=\"widget\" data-e-type=\"widget\" data-widget_type=\"text-editor.default\">\n\t\t\t\t<div class=\"elementor-widget-container\">\n\t\t\t\t\t\t\t\t\t<p>Kylm\u00e4 ja makea maitokahvi valmistetaan nopeasti pikakahvista.<\/p><p><br \/>Valmistusaika n. 15 minuuttia.<\/p>\t\t\t\t\t\t\t\t<\/div>\n\t\t\t\t<\/div>\n\t\t\t\t<div class=\"elementor-element elementor-element-ea881f9 elementor-align-center elementor-widget elementor-widget-button\" data-id=\"ea881f9\" data-element_type=\"widget\" data-e-type=\"widget\" data-widget_type=\"button.default\">\n\t\t\t\t<div class=\"elementor-widget-container\">\n\t\t\t\t\t\t\t\t\t<div class=\"elementor-button-wrapper\">\n\t\t\t\t\t<a class=\"elementor-button elementor-button-link elementor-size-xs\" href=\"https:\/\/www.jacobs.fi\/jacobs\/reseptit\/jacobs-frappe\/\">\n\t\t\t\t\t\t<span class=\"elementor-button-content-wrapper\">\n\t\t\t\t\t\t\t\t\t<span class=\"elementor-button-text\">Katso resepti<\/span>\n\t\t\t\t\t<\/span>\n\t\t\t\t\t<\/a>\n\t\t\t\t<\/div>\n\t\t\t\t\t\t\t\t<\/div>\n\t\t\t\t<\/div>\n\t\t\t\t<div class=\"elementor-element elementor-element-75b2b13 elementor-widget elementor-widget-image\" data-id=\"75b2b13\" data-element_type=\"widget\" data-e-type=\"widget\" data-widget_type=\"image.default\">\n\t\t\t\t<div class=\"elementor-widget-container\">\n\t\t\t\t\t\t\t\t\t\t\t\t\t\t\t\t<a href=\"https:\/\/www.jacobs.fi\/jacobs\/reseptit\/jacobs-frappe\/\">\n\t\t\t\t\t\t\t<img decoding=\"async\" width=\"632\" height=\"422\" src=\"https:\/\/www.jacobs.fi\/jacobs\/wp-content\/uploads\/2021\/07\/suklaafrappe.png\" class=\"attachment-large size-large wp-image-510\" alt=\"\" srcset=\"https:\/\/www.jacobs.fi\/jacobs\/wp-content\/uploads\/2021\/07\/suklaafrappe.png 1000w, https:\/\/www.jacobs.fi\/jacobs\/wp-content\/uploads\/2021\/07\/suklaafrappe-632x422.png 632w, https:\/\/www.jacobs.fi\/jacobs\/wp-content\/uploads\/2021\/07\/suklaafrappe-768x512.png 768w\" sizes=\"(max-width: 632px) 100vw, 632px\" \/>\t\t\t\t\t\t\t\t<\/a>\n\t\t\t\t\t\t\t\t\t\t\t\t\t\t\t<\/div>\n\t\t\t\t<\/div>\n\t\t\t\t\t<\/div>\n\t\t<\/div>\n\t\t\t\t\t<\/div>\n\t\t<\/section>\n\t\t\t\t<section class=\"elementor-section elementor-top-section elementor-element elementor-element-71f9763 elementor-section-boxed elementor-section-height-default elementor-section-height-default\" data-id=\"71f9763\" data-element_type=\"section\" data-e-type=\"section\">\n\t\t\t\t\t\t<div class=\"elementor-container elementor-column-gap-default\">\n\t\t\t\t\t<div class=\"elementor-column elementor-col-50 elementor-top-column elementor-element elementor-element-f806052\" data-id=\"f806052\" data-element_type=\"column\" data-e-type=\"column\">\n\t\t\t<div class=\"elementor-widget-wrap elementor-element-populated\">\n\t\t\t\t\t\t<div class=\"elementor-element elementor-element-a801804 elementor-widget elementor-widget-text-editor\" data-id=\"a801804\" data-element_type=\"widget\" data-e-type=\"widget\" data-widget_type=\"text-editor.default\">\n\t\t\t\t<div class=\"elementor-widget-container\">\n\t\t\t\t\t\t\t\t\t<h4><strong>Jacobs mokkapalat<\/strong><\/h4>\t\t\t\t\t\t\t\t<\/div>\n\t\t\t\t<\/div>\n\t\t\t\t<div class=\"elementor-element elementor-element-80b24da elementor-widget elementor-widget-text-editor\" data-id=\"80b24da\" data-element_type=\"widget\" data-e-type=\"widget\" data-widget_type=\"text-editor.default\">\n\t\t\t\t<div class=\"elementor-widget-container\">\n\t\t\t\t\t\t\t\t\t<p>Helppo ja nopea kahviherkku valmistuu viel\u00e4 nopeammin pikakahvilla.<\/p><p>Valmistusaika n. 1 tunti.<\/p>\t\t\t\t\t\t\t\t<\/div>\n\t\t\t\t<\/div>\n\t\t\t\t<div class=\"elementor-element elementor-element-e9c6e18 elementor-align-center elementor-widget elementor-widget-button\" data-id=\"e9c6e18\" data-element_type=\"widget\" data-e-type=\"widget\" data-widget_type=\"button.default\">\n\t\t\t\t<div class=\"elementor-widget-container\">\n\t\t\t\t\t\t\t\t\t<div class=\"elementor-button-wrapper\">\n\t\t\t\t\t<a class=\"elementor-button elementor-button-link elementor-size-xs\" href=\"https:\/\/www.jacobs.fi\/jacobs\/reseptit\/jacobs-mokkapalat\/\">\n\t\t\t\t\t\t<span class=\"elementor-button-content-wrapper\">\n\t\t\t\t\t\t\t\t\t<span class=\"elementor-button-text\">Katso resepti<\/span>\n\t\t\t\t\t<\/span>\n\t\t\t\t\t<\/a>\n\t\t\t\t<\/div>\n\t\t\t\t\t\t\t\t<\/div>\n\t\t\t\t<\/div>\n\t\t\t\t<div class=\"elementor-element elementor-element-2decf48 elementor-widget elementor-widget-image\" data-id=\"2decf48\" data-element_type=\"widget\" data-e-type=\"widget\" data-widget_type=\"image.default\">\n\t\t\t\t<div class=\"elementor-widget-container\">\n\t\t\t\t\t\t\t\t\t\t\t\t\t\t\t\t<a href=\"https:\/\/www.jacobs.fi\/jacobs\/reseptit\/jacobs-cold-brew\/\">\n\t\t\t\t\t\t\t<img decoding=\"async\" width=\"632\" height=\"526\" src=\"https:\/\/www.jacobs.fi\/jacobs\/wp-content\/uploads\/2022\/01\/Mokkapalat-1020x849.jpg\" class=\"attachment-large size-large wp-image-545\" alt=\"\" srcset=\"https:\/\/www.jacobs.fi\/jacobs\/wp-content\/uploads\/2022\/01\/Mokkapalat-1020x849.jpg 1020w, https:\/\/www.jacobs.fi\/jacobs\/wp-content\/uploads\/2022\/01\/Mokkapalat-632x526.jpg 632w, https:\/\/www.jacobs.fi\/jacobs\/wp-content\/uploads\/2022\/01\/Mokkapalat-768x639.jpg 768w, https:\/\/www.jacobs.fi\/jacobs\/wp-content\/uploads\/2022\/01\/Mokkapalat-1536x1279.jpg 1536w, https:\/\/www.jacobs.fi\/jacobs\/wp-content\/uploads\/2022\/01\/Mokkapalat.jpg 2048w\" sizes=\"(max-width: 632px) 100vw, 632px\" \/>\t\t\t\t\t\t\t\t<\/a>\n\t\t\t\t\t\t\t\t\t\t\t\t\t\t\t<\/div>\n\t\t\t\t<\/div>\n\t\t\t\t\t<\/div>\n\t\t<\/div>\n\t\t\t\t<div class=\"elementor-column elementor-col-50 elementor-top-column elementor-element elementor-element-acafb8d\" data-id=\"acafb8d\" data-element_type=\"column\" data-e-type=\"column\">\n\t\t\t<div class=\"elementor-widget-wrap\">\n\t\t\t\t\t\t\t<\/div>\n\t\t<\/div>\n\t\t\t\t\t<\/div>\n\t\t<\/section>\n\t\t\t\t<section class=\"elementor-section elementor-top-section elementor-element elementor-element-0c1088e elementor-section-boxed elementor-section-height-default elementor-section-height-default\" data-id=\"0c1088e\" data-element_type=\"section\" data-e-type=\"section\">\n\t\t\t\t\t\t<div class=\"elementor-container elementor-column-gap-default\">\n\t\t\t\t\t<div class=\"elementor-column elementor-col-100 elementor-top-column elementor-element elementor-element-c40ec35\" data-id=\"c40ec35\" data-element_type=\"column\" data-e-type=\"column\">\n\t\t\t<div class=\"elementor-widget-wrap\">\n\t\t\t\t\t\t\t<\/div>\n\t\t<\/div>\n\t\t\t\t\t<\/div>\n\t\t<\/section>\n\t\t\t\t<\/div>\n\t\t","protected":false},"excerpt":{"rendered":"<div class=\"entry-summary\">\nJacobs tarjoaa my\u00f6s t\u00e4ydellisen aromikkaan ja voimakkaan pohjan useisiin erilaisiin juoma- ja&hellip;\n<\/div>\n<div class=\"link-more\"><a href=\"https:\/\/www.jacobs.fi\/jacobs\/reseptit\/\" class=\"more-link\">Continue reading<span class=\"screen-reader-text\"> &ldquo;Reseptit&rdquo;<\/span>&hellip;<\/a><\/div>\n","protected":false},"author":1,"featured_media":0,"parent":0,"menu_order":0,"comment_status":"closed","ping_status":"closed","template":"","meta":{"footnotes":""},"class_list":["post-457","page","type-page","status-publish","hentry","entry"],"_links":{"self":[{"href":"https:\/\/www.jacobs.fi\/jacobs\/wp-json\/wp\/v2\/pages\/457","targetHints":{"allow":["GET"]}}],"collection":[{"href":"https:\/\/www.jacobs.fi\/jacobs\/wp-json\/wp\/v2\/pages"}],"about":[{"href":"https:\/\/www.jacobs.fi\/jacobs\/wp-json\/wp\/v2\/types\/page"}],"author":[{"embeddable":true,"href":"https:\/\/www.jacobs.fi\/jacobs\/wp-json\/wp\/v2\/users\/1"}],"replies":[{"embeddable":true,"href":"https:\/\/www.jacobs.fi\/jacobs\/wp-json\/wp\/v2\/comments?post=457"}],"version-history":[{"count":40,"href":"https:\/\/www.jacobs.fi\/jacobs\/wp-json\/wp\/v2\/pages\/457\/revisions"}],"predecessor-version":[{"id":591,"href":"https:\/\/www.jacobs.fi\/jacobs\/wp-json\/wp\/v2\/pages\/457\/revisions\/591"}],"wp:attachment":[{"href":"https:\/\/www.jacobs.fi\/jacobs\/wp-json\/wp\/v2\/media?parent=457"}],"curies":[{"name":"wp","href":"https:\/\/api.w.org\/{rel}","templated":true}]}}