{"id":32,"date":"2016-03-21T13:21:19","date_gmt":"2016-03-21T13:21:19","guid":{"rendered":"http:\/\/77.240.19.24\/~valkri\/jacobs\/?page_id=32"},"modified":"2023-06-05T13:39:45","modified_gmt":"2023-06-05T11:39:45","slug":"etusivu","status":"publish","type":"page","link":"https:\/\/www.jacobs.fi\/jacobs\/","title":{"rendered":"Etusivu"},"content":{"rendered":"\t\t<div data-elementor-type=\"wp-page\" data-elementor-id=\"32\" class=\"elementor elementor-32\">\n\t\t\t\t\t\t<section class=\"elementor-section elementor-top-section elementor-element elementor-element-7691c1fa elementor-section-boxed elementor-section-height-default elementor-section-height-default\" data-id=\"7691c1fa\" data-element_type=\"section\" data-e-type=\"section\">\n\t\t\t\t\t\t<div class=\"elementor-container elementor-column-gap-default\">\n\t\t\t\t\t<div class=\"elementor-column elementor-col-100 elementor-top-column elementor-element elementor-element-2531bb34\" data-id=\"2531bb34\" data-element_type=\"column\" data-e-type=\"column\">\n\t\t\t<div class=\"elementor-widget-wrap elementor-element-populated\">\n\t\t\t\t\t\t<div class=\"elementor-element elementor-element-54b3c478 elementor-widget elementor-widget-text-editor\" data-id=\"54b3c478\" data-element_type=\"widget\" data-e-type=\"widget\" data-widget_type=\"text-editor.default\">\n\t\t\t\t<div class=\"elementor-widget-container\">\n\t\t\t\t\t\t\t\t\t<p>\u00a0<\/p><h2 style=\"text-align: center;\"><span style=\"color: #d3ab3a;\">SUKELLA AROMIEN TAIANOMAISEEN MAAILMAAN!<\/span><\/h2><div class=\"gca-column one-third first\"><\/div><blockquote><address style=\"text-align: center;\">Johann Jacobs perusti liiketoimintansa Saksassa Bremeniss\u00e4 vuonna 1895 t\u00e4ynn\u00e4 suuria unelmia.<\/address><address style=\"text-align: center;\">H\u00e4n ymm\u00e4rsi kahvin aromien kyvyn her\u00e4tt\u00e4\u00e4 vahvoja tunteita.<br \/>H\u00e4n tiesi, ett\u00e4 aromi tarkoittaa muutakin, kuin vain merkki\u00e4 korkeasta laadusta.<br \/>Johann Jacobsille aromi oli avain, joka avasi portin kahvin taianomaiseen maailmaan<br \/>ja h\u00e4nen suurin unelmansa oli tuoda t\u00e4m\u00e4 taika ihmisille.<\/address><address style=\"text-align: center;\">Sama unelma el\u00e4\u00e4 edelleen Jacobs-tuotemerkin syd\u00e4mess\u00e4.<br \/>Saman taian haluamme tarjota kuluttajille.<\/address><\/blockquote>\t\t\t\t\t\t\t\t<\/div>\n\t\t\t\t<\/div>\n\t\t\t\t\t<\/div>\n\t\t<\/div>\n\t\t\t\t\t<\/div>\n\t\t<\/section>\n\t\t\t\t<\/div>\n\t\t","protected":false},"excerpt":{"rendered":"<div class=\"entry-summary\">\n\u00a0 SUKELLA AROMIEN TAIANOMAISEEN MAAILMAAN! Johann Jacobs perusti liiketoimintansa Saksassa Bremeniss\u00e4 vuonna&hellip;\n<\/div>\n<div class=\"link-more\"><a href=\"https:\/\/www.jacobs.fi\/jacobs\/\" class=\"more-link\">Continue reading<span class=\"screen-reader-text\"> &ldquo;Etusivu&rdquo;<\/span>&hellip;<\/a><\/div>\n","protected":false},"author":1,"featured_media":0,"parent":0,"menu_order":0,"comment_status":"closed","ping_status":"closed","template":"page-template\/_fullwidth.php","meta":{"footnotes":""},"class_list":["post-32","page","type-page","status-publish","hentry","entry"],"_links":{"self":[{"href":"https:\/\/www.jacobs.fi\/jacobs\/wp-json\/wp\/v2\/pages\/32","targetHints":{"allow":["GET"]}}],"collection":[{"href":"https:\/\/www.jacobs.fi\/jacobs\/wp-json\/wp\/v2\/pages"}],"about":[{"href":"https:\/\/www.jacobs.fi\/jacobs\/wp-json\/wp\/v2\/types\/page"}],"author":[{"embeddable":true,"href":"https:\/\/www.jacobs.fi\/jacobs\/wp-json\/wp\/v2\/users\/1"}],"replies":[{"embeddable":true,"href":"https:\/\/www.jacobs.fi\/jacobs\/wp-json\/wp\/v2\/comments?post=32"}],"version-history":[{"count":52,"href":"https:\/\/www.jacobs.fi\/jacobs\/wp-json\/wp\/v2\/pages\/32\/revisions"}],"predecessor-version":[{"id":570,"href":"https:\/\/www.jacobs.fi\/jacobs\/wp-json\/wp\/v2\/pages\/32\/revisions\/570"}],"wp:attachment":[{"href":"https:\/\/www.jacobs.fi\/jacobs\/wp-json\/wp\/v2\/media?parent=32"}],"curies":[{"name":"wp","href":"https:\/\/api.w.org\/{rel}","templated":true}]}}