{"id":20,"date":"2016-03-19T09:13:44","date_gmt":"2016-03-19T09:13:44","guid":{"rendered":"http:\/\/77.240.19.24\/~valkri\/jacobs\/?page_id=20"},"modified":"2023-08-28T10:56:04","modified_gmt":"2023-08-28T08:56:04","slug":"tuotteet","status":"publish","type":"page","link":"https:\/\/www.jacobs.fi\/jacobs\/tuotteet\/","title":{"rendered":"Tuotteet"},"content":{"rendered":"\t\t<div data-elementor-type=\"wp-page\" data-elementor-id=\"20\" class=\"elementor elementor-20\">\n\t\t\t\t\t\t<section class=\"elementor-section elementor-top-section elementor-element elementor-element-3c669051 elementor-section-boxed elementor-section-height-default elementor-section-height-default\" data-id=\"3c669051\" data-element_type=\"section\" data-e-type=\"section\">\n\t\t\t\t\t\t<div class=\"elementor-container elementor-column-gap-default\">\n\t\t\t\t\t<div class=\"elementor-column elementor-col-100 elementor-top-column elementor-element elementor-element-7caa9694\" data-id=\"7caa9694\" data-element_type=\"column\" data-e-type=\"column\">\n\t\t\t<div class=\"elementor-widget-wrap elementor-element-populated\">\n\t\t\t\t\t\t<div class=\"elementor-element elementor-element-67ce961f elementor-widget elementor-widget-text-editor\" data-id=\"67ce961f\" data-element_type=\"widget\" data-e-type=\"widget\" data-widget_type=\"text-editor.default\">\n\t\t\t\t<div class=\"elementor-widget-container\">\n\t\t\t\t\t\t\t\t\t<address>N\u00e4m\u00e4 Jacobs-kahvit ovat saatavilla Keskon ja SOK:n hyvin varusteltujen ruokakauppojen sek\u00e4 Rajamarketin valikoimissa.<\/address><address><hr \/><\/address><address>\u00a0<\/address><div class=\"gca-column one-half first\"><p><img fetchpriority=\"high\" decoding=\"async\" class=\"aligncenter wp-image-287\" src=\"http:\/\/jacobs.fi\/wp-content\/uploads\/2016\/03\/kr\u00f6nung.png\" alt=\"\" width=\"217\" height=\"416\" \/><\/p><\/div><br \/><div class=\"gca-column one-half\"><h2><span style=\"color: #d3ab3a;\">Kr\u00f6nung classic<\/span><\/h2><p><span id=\"result_box\" class=\"\" lang=\"fi\"><span class=\"\">Jacobs Kr\u00f6nung Classic on ollut yksi saksalaisten suosituimmista kahveista jo vuosikymmenien ajan. T\u00e4m\u00e4 lumoavan aromin omaava makuel\u00e4mys on ollut saatavilla vuosikymmeni\u00e4 my\u00f6s Suomessa!<\/span><\/span><\/p><p>Keskipaahtoinen, Jacobsin tunnusomainen aromi. Paahtoaste 3\/5.<\/p><p><span class=\"\">Tuote on saatavana 500g pakkauksessa.<\/span><\/div><\/p><div class=\"gca-column one-half first\"><p><a href=\"https:\/\/www.jacobs.fi\/jacobs\/wp-content\/uploads\/2016\/03\/kr\u00f6nungkofeiiniton.png\"><img decoding=\"async\" class=\"aligncenter size-full wp-image-289\" src=\"https:\/\/www.jacobs.fi\/jacobs\/wp-content\/uploads\/2016\/03\/kr\u00f6nungkofeiiniton.png\" alt=\"\" width=\"229\" height=\"439\" \/><\/a><\/p><h2><\/div><br \/><div class=\"gca-column one-half\"><\/h2><h2><span style=\"color: #d3ab3a;\">Kr\u00f6nung KOFEIINITON<br \/><\/span><\/h2><p><span id=\"result_box\" class=\"\" lang=\"fi\"><span class=\"\">Jacobsin ajaton kestosuosikki on saatavilla my\u00f6s kofeiinittomana versiona, jonka valmistuksen aikana kofeiini on suodatettu pois muuttamatta kuitenkaan tuotteen pehme\u00e4\u00e4 aromia.<br \/><\/span><\/span><\/p><p>Keskipaahtoinen, runsasarominen. Paahtoaste 3\/5.<\/p><p><span class=\"\">Tuote on saatavana 500g pakkauksessa.<\/span><\/p><\/div><\/p><hr \/><address>\u00a0<\/address><hr \/><div class=\"gca-column one-half first\"><p><img decoding=\"async\" class=\"aligncenter wp-image-322\" src=\"http:\/\/jacobs.fi\/wp-content\/uploads\/2016\/03\/4000508050008_JACOBS-INS-KRONUNG-FD-100Gx6.jpg\" alt=\"\" width=\"217\" height=\"449\" \/><\/p><\/div><br \/><div class=\"gca-column one-half\"><h2><span style=\"color: #d3ab3a;\">JACOBS KR\u00d6NUNG -pikakahvi*<\/span><\/h2><p>Pakastekuivattu pikakahvi, josta teet t\u00e4ydellisen pitk\u00e4n tumman kahvin t\u00e4ytel\u00e4isell\u00e4 aromilla. Tyylik\u00e4s lasipurkki s\u00e4ilytt\u00e4\u00e4 kahvin aromit tehokkaasti.<\/p><p><span id=\"result_box\" class=\"\" lang=\"fi\"><span class=\"\">Voimakas ja mausteinen aromi. Paahtoaste 2\/5.<\/span><\/span><\/p><p><span class=\"\">Tuote on saatavana 100g pakkauksessa.<\/span><\/p><p><em>*Pakastekuivatun pikakahvin tuotanto alkaa samalla tavoin kuin muunkin kahvin. Paahdetuista kahvipavuista valmistetaan vahvaa kahvia, joka pakastetaan noin -40 asteeseen. Tiiviiss\u00e4 kammiossa ilmapainetta alennetaan, mink\u00e4 ansiosta tuotteessa oleva vesi haihtuu (sublimaatio) ja vain kahvi j\u00e4\u00e4 j\u00e4ljelle. Jauhe pakataan ja lis\u00e4\u00e4m\u00e4ll\u00e4 j\u00e4lleen vett\u00e4 laadukas kahvi on hetkess\u00e4 valmis nautittavaksi.<\/em><\/p><\/div><\/p><div class=\"gca-column one-half first\"><p><img loading=\"lazy\" decoding=\"async\" class=\"aligncenter wp-image-361\" src=\"http:\/\/jacobs.fi\/wp-content\/uploads\/2016\/03\/CG.jpg\" alt=\"\" width=\"217\" height=\"441\" \/><\/p><\/div><br \/><div class=\"gca-column one-half\"><h2><span style=\"color: #d3ab3a;\">JACOBS\u00a0cronat gold -pikakahvi<\/span><\/h2><p>Pakastekuivattu*\u00a0pikakahvi, josta teet t\u00e4ydellisen pitk\u00e4n tumman kahvin t\u00e4ytel\u00e4isell\u00e4 aromilla. Tyylik\u00e4s lasipurkki s\u00e4ilytt\u00e4\u00e4 kahvin aromit tehokkaasti.<\/p><p><span id=\"result_box\" class=\"\" lang=\"fi\"><span class=\"\">Mieto ja pehme\u00e4 aromi. Paahtoaste 2\/5.<br \/><\/span><\/span><\/p><p><span class=\"\">Tuote on saatavana 100g pakkauksessa.<\/span><\/p><p><em>*Pikakahvin valmistuksen pakastekuivatusmenetelm\u00e4 keksittiin 1930-luvulla ja Yhdysvaltojen asevoimat k\u00e4ytti sit\u00e4 2. maailmansodassa penisiliinin viemiseksi haavoittuneille etulinjaan ja pian my\u00f6s sotilaiden kentt\u00e4kahvittamiseksi. Ihmeellist\u00e4 kahvia eurooppalaiset kutsuivat \u201cAmerican coffee\u201d:ksi, jota juotiin isoista mukeista. Suomeen pikakahvi tuli Maxwell House-merkill\u00e4 1950-luvulla.<\/em><\/p><\/div><\/p><div class=\"gca-column one-half first\"><p><img loading=\"lazy\" decoding=\"async\" class=\"aligncenter wp-image-315\" src=\"http:\/\/jacobs.fi\/wp-content\/uploads\/2016\/03\/8711000532812_JACOBS-CR-GOLD-INST-REF-150Gx6-632x880.jpg\" alt=\"\" width=\"217\" height=\"302\" srcset=\"https:\/\/www.jacobs.fi\/jacobs\/wp-content\/uploads\/2016\/03\/8711000532812_JACOBS-CR-GOLD-INST-REF-150Gx6-632x880.jpg 632w, https:\/\/www.jacobs.fi\/jacobs\/wp-content\/uploads\/2016\/03\/8711000532812_JACOBS-CR-GOLD-INST-REF-150Gx6-768x1069.jpg 768w, https:\/\/www.jacobs.fi\/jacobs\/wp-content\/uploads\/2016\/03\/8711000532812_JACOBS-CR-GOLD-INST-REF-150Gx6-1020x1420.jpg 1020w\" sizes=\"(max-width: 217px) 100vw, 217px\" \/><\/p><\/div><br \/><div class=\"gca-column one-half\"><h2><span style=\"color: #d3ab3a;\">JACOBS\u00a0Cronat gold -PIKAKAHVI (t\u00e4ytt\u00f6pussi)<\/span><\/h2><p><span id=\"result_box\" class=\"\" lang=\"fi\"><span class=\"\">Jacobs Cronat Gold -pikakahvi j\u00e4lleensuljettavassa pussissa, joka kulkee helposti mukana esimerkiksi retkell\u00e4. Voit my\u00f6s t\u00e4ytt\u00e4\u00e4 tyhjentyneen lasipurkkisi.<\/span><\/span><\/p><p>Pakastekuivattu\u00a0pikakahvi, josta teet t\u00e4ydellisen pitk\u00e4n tumman kahvin t\u00e4ytel\u00e4isell\u00e4 aromilla.\u00a0J\u00e4lleensuljettava t\u00e4ytt\u00f6pussi s\u00e4ilytt\u00e4\u00e4 kahvin aromit tehokkaasti.<\/p><p><span id=\"result_box\" class=\"\" lang=\"fi\"><span class=\"\">Mieto ja pehme\u00e4 aromi. Paahtoaste 2\/5.<\/span><\/span><\/p><p><span class=\"\">Tuote on saatavana 150g pakkauksessa.<\/span><\/div><\/p><address>\u00a0<\/address>\t\t\t\t\t\t\t\t<\/div>\n\t\t\t\t<\/div>\n\t\t\t\t\t<\/div>\n\t\t<\/div>\n\t\t\t\t\t<\/div>\n\t\t<\/section>\n\t\t\t\t<\/div>\n\t\t","protected":false},"excerpt":{"rendered":"<div class=\"entry-summary\">\nN\u00e4m\u00e4 Jacobs-kahvit ovat saatavilla Keskon ja SOK:n hyvin varusteltujen ruokakauppojen sek\u00e4 Rajamarketin&hellip;\n<\/div>\n<div class=\"link-more\"><a href=\"https:\/\/www.jacobs.fi\/jacobs\/tuotteet\/\" class=\"more-link\">Continue reading<span class=\"screen-reader-text\"> &ldquo;Tuotteet&rdquo;<\/span>&hellip;<\/a><\/div>\n","protected":false},"author":1,"featured_media":0,"parent":0,"menu_order":0,"comment_status":"closed","ping_status":"closed","template":"page-template\/_fullwidth.php","meta":{"footnotes":""},"class_list":["post-20","page","type-page","status-publish","hentry","entry"],"_links":{"self":[{"href":"https:\/\/www.jacobs.fi\/jacobs\/wp-json\/wp\/v2\/pages\/20","targetHints":{"allow":["GET"]}}],"collection":[{"href":"https:\/\/www.jacobs.fi\/jacobs\/wp-json\/wp\/v2\/pages"}],"about":[{"href":"https:\/\/www.jacobs.fi\/jacobs\/wp-json\/wp\/v2\/types\/page"}],"author":[{"embeddable":true,"href":"https:\/\/www.jacobs.fi\/jacobs\/wp-json\/wp\/v2\/users\/1"}],"replies":[{"embeddable":true,"href":"https:\/\/www.jacobs.fi\/jacobs\/wp-json\/wp\/v2\/comments?post=20"}],"version-history":[{"count":64,"href":"https:\/\/www.jacobs.fi\/jacobs\/wp-json\/wp\/v2\/pages\/20\/revisions"}],"predecessor-version":[{"id":584,"href":"https:\/\/www.jacobs.fi\/jacobs\/wp-json\/wp\/v2\/pages\/20\/revisions\/584"}],"wp:attachment":[{"href":"https:\/\/www.jacobs.fi\/jacobs\/wp-json\/wp\/v2\/media?parent=20"}],"curies":[{"name":"wp","href":"https:\/\/api.w.org\/{rel}","templated":true}]}}